{"id":924,"date":"2024-07-20T08:03:50","date_gmt":"2024-07-20T08:03:50","guid":{"rendered":"https:\/\/mirkr.de\/projekte\/?page_id=924"},"modified":"2024-11-14T11:29:03","modified_gmt":"2024-11-14T11:29:03","slug":"socialmedia","status":"publish","type":"page","link":"https:\/\/mirkr.de\/projekte\/socialmedia\/","title":{"rendered":"Social Media"},"content":{"rendered":"\n\n\tBei: Die FERIENHAUS-AGENTUR (2022-2024)<br \/>\nZu der Zeit Agentur im OstseeResort Olpenitz mit \u00fcber 450 Immobilien in der Vermietung.\n\t<h1>Ich habe die Social Media Strategie neu gedacht und die <strong>Community lebte auf.<\/strong><\/h1>\n\t<h3>Meine Rolle<\/h3>\n\t<h3>Als Social Media Manager setzte ich auf eine Strategie der Authentizit\u00e4t und Nahbarkeit, entwickelte starke Visuals und baute eine Community aus neuen und treuen G\u00e4sten auf.<\/h3>\n\t<h2>Ein Kanal f\u00fcr <strong>3 Zielgruppen<\/strong> &#8211; geht das?<\/h2>\n\t<h3>Ferieng\u00e4ste<\/h3>\n\t<h3>Mit der <strong>urspr\u00fcnglichen Strategie<\/strong> verloren Instagram und Facebook <strong>Engagement<\/strong>. Der Feed bestand gr\u00f6\u00dftenteils aus regelm\u00e4\u00dfigen Posts von Unterkunftsbildern vom Fotografen.<\/h3>\n\t<h3>Ferienhaus Eigent\u00fcmer<\/h3>\n\t<h3>Der Social Media Auftritt wurde aufmerksam von bestehenden und zuk\u00fcnftigen Eigent\u00fcmern verfolgt. Dass es <strong>keine offensichtlichen Unterschiede zum Feed des Wettbewerbs gab<\/strong>, musste ge\u00e4ndert werden.<\/h3>\n\t<h3>Bewerber<\/h3>\n\t<h3>Mit der Zeit wurde es immer schwieriger qualifizierte Bewerber zu finden. In dem Social Media Kanal schlummerte gro\u00dfes Potenzial zuk\u00fcnftigen <strong>Bewerbern zu zeigen, warum das Unternehmen zu ihnen passt<\/strong>.<\/h3>\n\t<h2>Hypothese<\/h2>\n\t<h1>&#8220;Wenn wir versuchen <strong>authentisch, statt ernst<\/strong> zu sein, wird sich\u00a0das\u00a0Engagement erh\u00f6hen.&#8221;<\/h1>\n\t\t\t\t<img loading=\"lazy\" decoding=\"async\" src=\"https:\/\/mirkr.de\/projekte\/wp-content\/uploads\/2024\/07\/social-media-icons.gif\" alt=\"social media icons\" itemprop=\"image\" height=\"255\" width=\"500\" title=\"social media icons\" onerror=\"this.style.display='none'\"  \/>\n\t<h2>One size fits all?<br \/>\nNicht f\u00fcr Social Media.<\/h2>\n\tNoch unterschiedlicher konnten die Zielgruppen f\u00fcr Die FERIENHAUS-AGENTUR kaum sein: Vom Boomer Eigent\u00fcmer bis hin zum Gen-Z Bewerber oder Gen-X Gast mit Familie oder Hund. Die zus\u00e4tzliche Herausforderung:<br \/>\nJede Plattform beherbergt einen gro\u00dfen oder kleinen Teil dieser Zielgruppen.\nF\u00fcr mich bedeutete das:<br \/>\n<strong>Jede Plattform ben\u00f6tigt eine passgenaue Strategie zugeschnitten auf die Nutzer- und Zielgruppen.<\/strong>\n\t<h2>Freundlich<\/h2>\n<h2>und nahbar<\/h2>\n\t<p>Den typischen Firmen-Slang gegen einen <strong>unverwechselbaren und freundlichen Ton<\/strong> eintauschen war eine gute Idee. Es war ein untersch\u00e4tzter Aspekt der <strong>Kundenbindung<\/strong> &#8211; alle f\u00fchlten sich nun wie ein Teil der Crew.<\/p>\n\t\t\t\t<img loading=\"lazy\" decoding=\"async\" src=\"https:\/\/mirkr.de\/projekte\/wp-content\/uploads\/2024\/07\/socialmediafreundlich.gif\" alt=\"socialmediafreundlich\" itemprop=\"image\" height=\"383\" width=\"600\" title=\"socialmediafreundlich\" onerror=\"this.style.display='none'\"  \/>\n\t<iframe loading=\"lazy\" width=\"403\" height=\"717\" src=\"https:\/\/www.youtube.com\/embed\/yEgCn-ykJC4?autoplay=1&#038;controls=0&#038;modestbranding=1&#038;loop=1&#038;rel=0&#038;iv_load_policy=3&#038;playsinline=1&#038;fs=0&#038;mute=1&#038;list=PLZbESp4o8Rt-GyABui5-Zlem3h7BrmlrJ\" title=\"echte Aufnahmen\" frameborder=\"0\" allow=\"accelerometer; autoplay; clipboard-write; encrypted-media; gyroscope; picture-in-picture; web-share\" referrerpolicy=\"strict-origin-when-cross-origin\" allowfullscreen><\/iframe>\n\t<h2>Echte Aufnahmen<\/h2>\n\t<p>Der Zeitgeist auf Social Media hatte sich ver\u00e4ndert. Statt Hochglanz-Aufnahmen setzte ich auf selbst aufgenommenes POV-Material. Mit diesen neuen Inhalten erreichte ich organisch eine <strong>Zielgruppe, die den Standort noch nicht kannte.<\/strong><\/p>\n\t<h2>Instagram Nachricht<\/h2>\n\t<h1>&#8220;Ich finde Sie machen das sehr gut. Mit Herz und Seele. Ich habe das Gef\u00fchl, dass ich <strong>Sie schon kenne, ohne Sie zu sehen<\/strong>. Und ich denke bei anderen ist es auch so.&#8221;<\/h1>\n\t<h2>Analyse und<\/h2>\n<h2>Feedback<\/h2>\n\t<p>Durch A-B Tests, Analysetools, Trial &amp; Error und Community Befragungen lernte ich, <strong>welche Inhalte die Follower wirklich bewegen &#8211; und vor allem warum<\/strong>.<\/p>\n\t<h2>Die Resultate<\/h2>\n\t<h1><strong>+478%<\/strong><\/h1>\n<h2><strong>Engagement<\/strong><\/h2>\nauf Facebook innerhalb von einem Jahr<br \/>\n(Juli 2022 &#8211; Juli 2023)\n\t<h1><strong>+245.432<\/strong><\/h1>\n<h2><strong>Steigerung<\/strong><\/h2>\n<h2><strong>Organische Reichweite<\/strong><\/h2>\n<p>bei viralen Instagram-Videos (Vergleich 08.2023 und 02.2024)<\/p>\n\t<h1><strong>&gt;65k<\/strong><\/h1>\n<h2><strong>TikTok Likes<\/strong> in einem Jahr<\/h2>\n\t\t\t<a href=\"https:\/\/mirkr.de\/projekte\/website-redesign\/\" target=\"_self\">\n\t\t\t\t\t\t\tweiter zu UX-Experience\n\t\t\t\t\t<\/a>\n\n","protected":false},"excerpt":{"rendered":"<p>Bei: Die FERIENHAUS-AGENTUR (2022-2024) Zu der Zeit Agentur im OstseeResort Olpenitz mit \u00fcber 450 Immobilien in der Vermietung. Ich habe die Social Media Strategie neu gedacht und die Community lebte auf. Meine Rolle Als Social Media Manager setzte ich auf eine Strategie der Authentizit\u00e4t und Nahbarkeit, entwickelte starke Visuals und baute eine Community aus neuen&hellip;&nbsp;<a href=\"https:\/\/mirkr.de\/projekte\/socialmedia\/\" class=\"\" rel=\"bookmark\">Read More &raquo;<span class=\"screen-reader-text\">Social Media<\/span><\/a><\/p>\n","protected":false},"author":1,"featured_media":0,"parent":0,"menu_order":0,"comment_status":"closed","ping_status":"closed","template":"","meta":{"neve_meta_sidebar":"","neve_meta_container":"","neve_meta_enable_content_width":"","neve_meta_content_width":0,"neve_meta_title_alignment":"","neve_meta_author_avatar":"","neve_post_elements_order":"","neve_meta_disable_header":"","neve_meta_disable_footer":"","neve_meta_disable_title":"on","footnotes":""},"class_list":["post-924","page","type-page","status-publish","hentry"],"_links":{"self":[{"href":"https:\/\/mirkr.de\/projekte\/wp-json\/wp\/v2\/pages\/924","targetHints":{"allow":["GET"]}}],"collection":[{"href":"https:\/\/mirkr.de\/projekte\/wp-json\/wp\/v2\/pages"}],"about":[{"href":"https:\/\/mirkr.de\/projekte\/wp-json\/wp\/v2\/types\/page"}],"author":[{"embeddable":true,"href":"https:\/\/mirkr.de\/projekte\/wp-json\/wp\/v2\/users\/1"}],"replies":[{"embeddable":true,"href":"https:\/\/mirkr.de\/projekte\/wp-json\/wp\/v2\/comments?post=924"}],"version-history":[{"count":62,"href":"https:\/\/mirkr.de\/projekte\/wp-json\/wp\/v2\/pages\/924\/revisions"}],"predecessor-version":[{"id":1237,"href":"https:\/\/mirkr.de\/projekte\/wp-json\/wp\/v2\/pages\/924\/revisions\/1237"}],"wp:attachment":[{"href":"https:\/\/mirkr.de\/projekte\/wp-json\/wp\/v2\/media?parent=924"}],"curies":[{"name":"wp","href":"https:\/\/api.w.org\/{rel}","templated":true}]}}