{"id":1312,"date":"2024-11-15T12:14:25","date_gmt":"2024-11-15T12:14:25","guid":{"rendered":"https:\/\/mirkr.de\/projekte\/?page_id=1312"},"modified":"2024-11-15T12:58:21","modified_gmt":"2024-11-15T12:58:21","slug":"event","status":"publish","type":"page","link":"https:\/\/mirkr.de\/projekte\/event\/","title":{"rendered":"Eventmanagement"},"content":{"rendered":"\n\n\t<p>Die Beta ist ein Gaming-Event der Hochschule Mittweida mit studentischen Projekten, Workshops und Vortr\u00e4gen von Branchenexperten.<\/p>\n\t<h1>Von der <strong>Idee<\/strong> zur <strong>Veranstaltung<\/strong>: Mein Weg im Eventmanagement bei Beta Mittweida<\/h1>\n\t\t\t\t<img loading=\"lazy\" decoding=\"async\" src=\"https:\/\/mirkr.de\/projekte\/wp-content\/uploads\/2024\/11\/fpk_presentation_speaker_02_psd_lh_batch_33.jpg\" alt=\"fpk_presentation_speaker_02_psd_lh_batch_33\" itemprop=\"image\" height=\"1333\" width=\"2000\" title=\"fpk_presentation_speaker_02_psd_lh_batch_33\" onerror=\"this.style.display='none'\"  \/>\n\t<h3>Meine T\u00e4tigkeiten<\/h3>\n\t\t\t\t<img loading=\"lazy\" decoding=\"async\" src=\"https:\/\/mirkr.de\/projekte\/wp-content\/uploads\/2024\/11\/icon-marketing.png\" alt=\"icon-marketing\" itemprop=\"image\" height=\"77\" width=\"77\" title=\"icon-marketing\" onerror=\"this.style.display='none'\"  \/>\n\t<p><strong>Marketingplan<\/strong> &amp; Umsetzung<\/p>\n\t\t\t\t<img loading=\"lazy\" decoding=\"async\" src=\"https:\/\/mirkr.de\/projekte\/wp-content\/uploads\/2024\/11\/icon-website.png\" alt=\"icon-website\" itemprop=\"image\" height=\"77\" width=\"77\" title=\"icon-website\" onerror=\"this.style.display='none'\"  \/>\n\t<p><strong>Website Optimierung<\/strong><\/p>\n\t\t\t\t<img loading=\"lazy\" decoding=\"async\" src=\"https:\/\/mirkr.de\/projekte\/wp-content\/uploads\/2024\/11\/icon-koordination.png\" alt=\"icon-koordination\" itemprop=\"image\" height=\"77\" width=\"77\" title=\"icon-koordination\" onerror=\"this.style.display='none'\"  \/>\n\t<p><strong>Koordination<\/strong> vor Ort<\/p>\n\t\t\t\t<img loading=\"lazy\" decoding=\"async\" src=\"https:\/\/mirkr.de\/projekte\/wp-content\/uploads\/2024\/11\/icon-partner.png\" alt=\"icon-partner\" itemprop=\"image\" height=\"77\" width=\"77\" title=\"icon-partner\" onerror=\"this.style.display='none'\"  \/>\n\t<p><strong>Partnerakquise<\/strong><\/p>\n\t\t\t\t<img loading=\"lazy\" decoding=\"async\" src=\"https:\/\/mirkr.de\/projekte\/wp-content\/uploads\/2024\/11\/icon-timetable.png\" alt=\"icon-timetable\" itemprop=\"image\" height=\"77\" width=\"77\" title=\"icon-timetable\" onerror=\"this.style.display='none'\"  \/>\n\t<p><strong>Eventplanung<\/strong> &amp; Timetable<\/p>\n\t<h3>Theresa\u00a0 I Eigent\u00fcmer Betreuung<\/h3>\n\t<h3>Magic Miri! \u2728<\/h3>\n\t<h2>Erfolgsrezept:<br \/>\nMarketing<\/h2>\n\t<p>Mit begrenztem Budget und straffen Deadlines konnte ich zusammen mit dem Team eine umfassende Marketingstrategie entwickeln und umsetzen. Dabei entstanden zahlreiche Druckprodukte und eine eigene Schriftart, die die Corporate Identity des Events pr\u00e4gten. \u00dcber 200 Besucher wurden durch <strong>gezielte Marketingma\u00dfnahmen erreicht und begeistert.<\/strong><\/p>\n\t\t\t\t<img loading=\"lazy\" decoding=\"async\" src=\"https:\/\/mirkr.de\/projekte\/wp-content\/uploads\/2024\/11\/ezgif-6-4e5f18cb99.gif\" alt=\"ezgif-6-4e5f18cb99\" itemprop=\"image\" height=\"600\" width=\"600\" title=\"ezgif-6-4e5f18cb99\" onerror=\"this.style.display='none'\"  \/>\n\t\t\t\t<img loading=\"lazy\" decoding=\"async\" src=\"https:\/\/mirkr.de\/projekte\/wp-content\/uploads\/2024\/11\/Eventmanagement_BetaMittweida_Logo_Crop.jpg\" alt=\"Eventmanagement_BetaMittweida_Logo_Crop\" itemprop=\"image\" height=\"500\" width=\"500\" title=\"Eventmanagement_BetaMittweida_Logo_Crop\" onerror=\"this.style.display='none'\"  \/>\n\t<h2>Eventkoordination<\/h2>\n\t<p>Ich arbeitete an einem vielf\u00e4ltigen Programm, managte die Einladungen der Speaker und sorgte f\u00fcr einen reibungslosen Ablauf am Veranstaltungstag. Meine Erfahrungen im Bereich Gestaltung und Druckproduktion von Online\/Offlinemedien spielten dabei eine entscheidende Rolle.<\/p>\n\t\t\t<a href=\"https:\/\/mirkr.de\/projekte\/\" target=\"_self\">\n\t\t\t\t\t\t\tAlle Projekte ansehen\n\t\t\t\t\t<\/a>\n\n","protected":false},"excerpt":{"rendered":"<p>Die Beta ist ein Gaming-Event der Hochschule Mittweida mit studentischen Projekten, Workshops und Vortr\u00e4gen von Branchenexperten. Von der Idee zur Veranstaltung: Mein Weg im Eventmanagement bei Beta Mittweida Meine T\u00e4tigkeiten Marketingplan &amp; Umsetzung Website Optimierung Koordination vor Ort Partnerakquise Eventplanung &amp; Timetable Theresa\u00a0 I Eigent\u00fcmer Betreuung Magic Miri! \u2728 Erfolgsrezept: Marketing Mit begrenztem Budget und&hellip;&nbsp;<a href=\"https:\/\/mirkr.de\/projekte\/event\/\" class=\"\" rel=\"bookmark\">Read More &raquo;<span class=\"screen-reader-text\">Eventmanagement<\/span><\/a><\/p>\n","protected":false},"author":1,"featured_media":0,"parent":0,"menu_order":0,"comment_status":"closed","ping_status":"closed","template":"","meta":{"neve_meta_sidebar":"","neve_meta_container":"","neve_meta_enable_content_width":"","neve_meta_content_width":0,"neve_meta_title_alignment":"","neve_meta_author_avatar":"","neve_post_elements_order":"","neve_meta_disable_header":"","neve_meta_disable_footer":"","neve_meta_disable_title":"on","footnotes":""},"class_list":["post-1312","page","type-page","status-publish","hentry"],"_links":{"self":[{"href":"https:\/\/mirkr.de\/projekte\/wp-json\/wp\/v2\/pages\/1312","targetHints":{"allow":["GET"]}}],"collection":[{"href":"https:\/\/mirkr.de\/projekte\/wp-json\/wp\/v2\/pages"}],"about":[{"href":"https:\/\/mirkr.de\/projekte\/wp-json\/wp\/v2\/types\/page"}],"author":[{"embeddable":true,"href":"https:\/\/mirkr.de\/projekte\/wp-json\/wp\/v2\/users\/1"}],"replies":[{"embeddable":true,"href":"https:\/\/mirkr.de\/projekte\/wp-json\/wp\/v2\/comments?post=1312"}],"version-history":[{"count":4,"href":"https:\/\/mirkr.de\/projekte\/wp-json\/wp\/v2\/pages\/1312\/revisions"}],"predecessor-version":[{"id":1340,"href":"https:\/\/mirkr.de\/projekte\/wp-json\/wp\/v2\/pages\/1312\/revisions\/1340"}],"wp:attachment":[{"href":"https:\/\/mirkr.de\/projekte\/wp-json\/wp\/v2\/media?parent=1312"}],"curies":[{"name":"wp","href":"https:\/\/api.w.org\/{rel}","templated":true}]}}