{"id":1269,"date":"2024-11-15T09:31:27","date_gmt":"2024-11-15T09:31:27","guid":{"rendered":"https:\/\/mirkr.de\/projekte\/?page_id=1269"},"modified":"2024-11-15T12:59:59","modified_gmt":"2024-11-15T12:59:59","slug":"illustration","status":"publish","type":"page","link":"https:\/\/mirkr.de\/projekte\/illustration\/","title":{"rendered":"illustration"},"content":{"rendered":"\n\n\t\t\t\t<img loading=\"lazy\" decoding=\"async\" src=\"https:\/\/mirkr.de\/projekte\/wp-content\/uploads\/2024\/11\/buch-cover-scaled.jpg\" alt=\"buch cover\" itemprop=\"image\" height=\"1707\" width=\"2560\" title=\"buch cover\" onerror=\"this.style.display='none'\"  \/>\n\t<p>Die SCM Verlagsgruppe vertreibt \u00fcber 5000+ B\u00fccher und Medien mit 800+ Autoren und K\u00fcnstlern.<\/p>\n\t<h3>Meine Rolle<\/h3>\n\t<h3>Ich illustrierte das Kinderbuch Fino und die neue Welt. Meine Arbeit begann mit dem Konzept f\u00fcr den Delfin Fino und seinem Gro\u00dfvater und leitete mich durch Fantasiewelten unter Wasser.<\/h3>\n\t\t\t\t<img loading=\"lazy\" decoding=\"async\" src=\"https:\/\/mirkr.de\/projekte\/wp-content\/uploads\/2024\/11\/buch-illustration-scaled.jpg\" alt=\"buch illustration\" itemprop=\"image\" height=\"1707\" width=\"2560\" title=\"buch illustration\" onerror=\"this.style.display='none'\"  \/>\n\t\t\t\t<img loading=\"lazy\" decoding=\"async\" src=\"https:\/\/mirkr.de\/projekte\/wp-content\/uploads\/2024\/11\/Illustrationen.png\" alt=\"Illustrationen\" itemprop=\"image\" height=\"1338\" width=\"1124\" title=\"Illustrationen\" onerror=\"this.style.display='none'\"  \/>\n\t\t\t\t<img loading=\"lazy\" decoding=\"async\" src=\"https:\/\/mirkr.de\/projekte\/wp-content\/uploads\/2024\/11\/buch-illustration2-scaled.jpg\" alt=\"buch illustration2\" itemprop=\"image\" height=\"1706\" width=\"2560\" title=\"buch illustration2\" onerror=\"this.style.display='none'\"  \/>\n\t\t\t<a href=\"https:\/\/mirkr.de\/projekte\/\" target=\"_self\">\n\t\t\t\t\t\t\tAlle Projekte ansehen\n\t\t\t\t\t<\/a>\n\n","protected":false},"excerpt":{"rendered":"<p>Die SCM Verlagsgruppe vertreibt \u00fcber 5000+ B\u00fccher und Medien mit 800+ Autoren und K\u00fcnstlern. Meine Rolle Ich illustrierte das Kinderbuch Fino und die neue Welt. Meine Arbeit begann mit dem Konzept f\u00fcr den Delfin Fino und seinem Gro\u00dfvater und leitete mich durch Fantasiewelten unter Wasser. Alle Projekte ansehen<\/p>\n","protected":false},"author":1,"featured_media":0,"parent":0,"menu_order":0,"comment_status":"closed","ping_status":"closed","template":"","meta":{"neve_meta_sidebar":"","neve_meta_container":"","neve_meta_enable_content_width":"","neve_meta_content_width":0,"neve_meta_title_alignment":"","neve_meta_author_avatar":"","neve_post_elements_order":"","neve_meta_disable_header":"","neve_meta_disable_footer":"","neve_meta_disable_title":"on","footnotes":""},"class_list":["post-1269","page","type-page","status-publish","hentry"],"_links":{"self":[{"href":"https:\/\/mirkr.de\/projekte\/wp-json\/wp\/v2\/pages\/1269","targetHints":{"allow":["GET"]}}],"collection":[{"href":"https:\/\/mirkr.de\/projekte\/wp-json\/wp\/v2\/pages"}],"about":[{"href":"https:\/\/mirkr.de\/projekte\/wp-json\/wp\/v2\/types\/page"}],"author":[{"embeddable":true,"href":"https:\/\/mirkr.de\/projekte\/wp-json\/wp\/v2\/users\/1"}],"replies":[{"embeddable":true,"href":"https:\/\/mirkr.de\/projekte\/wp-json\/wp\/v2\/comments?post=1269"}],"version-history":[{"count":5,"href":"https:\/\/mirkr.de\/projekte\/wp-json\/wp\/v2\/pages\/1269\/revisions"}],"predecessor-version":[{"id":1341,"href":"https:\/\/mirkr.de\/projekte\/wp-json\/wp\/v2\/pages\/1269\/revisions\/1341"}],"wp:attachment":[{"href":"https:\/\/mirkr.de\/projekte\/wp-json\/wp\/v2\/media?parent=1269"}],"curies":[{"name":"wp","href":"https:\/\/api.w.org\/{rel}","templated":true}]}}