{"id":1204,"date":"2024-11-13T14:00:14","date_gmt":"2024-11-13T14:00:14","guid":{"rendered":"https:\/\/mirkr.de\/projekte\/?page_id=1204"},"modified":"2024-11-15T13:12:47","modified_gmt":"2024-11-15T13:12:47","slug":"interaktiv","status":"publish","type":"page","link":"https:\/\/mirkr.de\/projekte\/interaktiv\/","title":{"rendered":"QR Code Rallye"},"content":{"rendered":"\n\n\t<h2>Mit einer kreativen Web-App <strong>inspirierte<\/strong> ich Kinder, ihre Stadt auf spielerische Weise<br \/>\n<strong>zu entdecken<\/strong>.<\/h2>\n\t<p>Die Kindervereinigung Chemnitz e.V. ist ein gemeinn\u00fctziger Verein in Chemnitz. Zur Jugendarbeit geh\u00f6rt auch das Spielmobil, mit dem das Projekt &#8220;QR-Rallye&#8221; ins Leben gerufen wurde.<\/p>\n\t<h3>Die Idee<\/h3>\n\t<h3>Ein bildendes Spiel, das <strong>Stadterkundung<\/strong> und <strong>multimediale Inhalte<\/strong> kombiniert.<\/h3>\n\t<h3>Meine Rolle<\/h3>\n\t<h3>Von der Idee, zur <strong>Gestaltung<\/strong> bis zur <strong>Implementation<\/strong> setzte ich das Projekt selbstst\u00e4ndig um.<\/h3>\n\t\t\t\t<img loading=\"lazy\" decoding=\"async\" src=\"https:\/\/mirkr.de\/projekte\/wp-content\/uploads\/2024\/11\/DigSchnitzeljagd_QRRallye_WebApp.png\" alt=\"DigSchnitzeljagd_QRRallye_WebApp\" itemprop=\"image\" height=\"692\" width=\"1080\" title=\"DigSchnitzeljagd_QRRallye_WebApp\" onerror=\"this.style.display='none'\"  \/>\n\t<h2>Style<br \/>\nGuide<\/h2>\n\t<p><strong>Wie begeistert man Kinder<\/strong> tats\u00e4chlich daf\u00fcr, die Stadt zu erkunden? Ich entwickelte einen Styleguide, der alles abdeckte: Von der Gestaltung der Web-App bis hin zu Werbeflyern und Plakaten. Das Ziel war es, den <strong>Entdeckergeist einzufangen<\/strong>. Also verwendete ich kr\u00e4ftige Farben, verspielte Schriftarten und lustige Illustrationen.<\/p>\n\t\t\t\t<img loading=\"lazy\" decoding=\"async\" src=\"https:\/\/mirkr.de\/projekte\/wp-content\/uploads\/2024\/11\/DigSchnitzeljagd_QRRallye_Styleguide.jpeg\" alt=\"DigSchnitzeljagd_QRRallye_Styleguide\" itemprop=\"image\" height=\"842\" width=\"1213\" title=\"DigSchnitzeljagd_QRRallye_Styleguide\" onerror=\"this.style.display='none'\"  \/>\n\t\t\t\t<img loading=\"lazy\" decoding=\"async\" src=\"https:\/\/mirkr.de\/projekte\/wp-content\/uploads\/2024\/11\/stationen.gif\" alt=\"stationen\" itemprop=\"image\" height=\"600\" width=\"600\" title=\"stationen\" onerror=\"this.style.display='none'\"  \/>\n\t<h2>Interaction<\/h2>\n<h2>Design<\/h2>\n\t<p>Wie erz\u00e4hle ich eine Geschichte und verbinde sie gleichzeitig mit Elementen aus der echten Welt? Auch wenn ich interaktive Medien studiert habe, hat mich dieses Projekt herausgefordert.<\/p>\n<p>&nbsp;<\/p>\n<p>Das Ergebnis der \u00dcberlegungen: Die Kinder werden \u00fcber <strong>6 Stationen<\/strong> geleitet, indem an jeder dieser Stationen ein QR-Code zu finden ist. Dieser f\u00fchrt zu einer <strong>Website<\/strong>, welche ein Video mit <strong>Storytelling Aspekt, R\u00e4tsel<\/strong> <strong>und Hinweise<\/strong> f\u00fcr jede Station enth\u00e4lt.<\/p>\n\t<p>Animierte Welten nach realer Vorlage<\/p>\n\t\t\t\t<img loading=\"lazy\" decoding=\"async\" src=\"https:\/\/mirkr.de\/projekte\/wp-content\/uploads\/2024\/11\/DigSchnitzeljagd_QRRallye_Chemnitz.jpeg\" alt=\"DigSchnitzeljagd_QRRallye_Chemnitz\" itemprop=\"image\" height=\"648\" width=\"1344\" title=\"DigSchnitzeljagd_QRRallye_Chemnitz\" onerror=\"this.style.display='none'\"  \/>\n\t\t\t\t<img loading=\"lazy\" decoding=\"async\" src=\"https:\/\/mirkr.de\/projekte\/wp-content\/uploads\/2024\/11\/DigSchnitzeljagd_QRRallye_Wimmelbild1.jpeg\" alt=\"DigSchnitzeljagd_QRRallye_Wimmelbild1\" itemprop=\"image\" height=\"500\" width=\"500\" title=\"DigSchnitzeljagd_QRRallye_Wimmelbild1\" onerror=\"this.style.display='none'\"  \/>\n\t<h2>Storytelling<\/h2>\n\t<p>Visuelle Elemente, die eine Geschichte erz\u00e4hlen:<\/p>\n<ul>\n<li><strong>20+ kleine und gro\u00dfe Illustrationen:<\/strong> Landschaften, Stadtszenen, Karten und Sehensw\u00fcrdigkeiten &#8211; alle mit versteckten Hinweisen und R\u00e4tseln<\/li>\n<li><strong>6 Videos konzipiert, animiert und bearbeitet:<\/strong> Vollgepackt mit Action, Humor und Story-Elementen, die zur\u00fcck zu den Illustrationen und R\u00e4tseln f\u00fchren<\/li>\n<\/ul>\n\t\t\t\t<img loading=\"lazy\" decoding=\"async\" src=\"https:\/\/mirkr.de\/projekte\/wp-content\/uploads\/2024\/11\/DigSchnitzeljagd_QRRallye_App.jpeg\" alt=\"DigSchnitzeljagd_QRRallye_App\" itemprop=\"image\" height=\"600\" width=\"600\" title=\"DigSchnitzeljagd_QRRallye_App\" onerror=\"this.style.display='none'\"  \/>\n\t\t\t\t<img loading=\"lazy\" decoding=\"async\" src=\"https:\/\/mirkr.de\/projekte\/wp-content\/uploads\/2024\/11\/arbeiten-mit-kindern.png\" alt=\"arbeiten mit kindern\" itemprop=\"image\" height=\"577\" width=\"557\" title=\"arbeiten mit kindern\" onerror=\"this.style.display='none'\"  \/>\n\t<h2>Arbeiten mit Kindern<\/h2>\n\t<p><strong>Ich arbeitete mit Kindern unterschiedlichen Alters zusammen,<\/strong> um die App zu testen und Feedback einzuholen.<\/p>\n<p>&nbsp;<\/p>\n<p>Sie waren brutal ehrlich &#8211; genau das, was ich brauchte! Sie zeigten mir, was funktionierte und was nicht. Ich <strong>nutzte dann die Einblicke, um die App noch besser zu machen<\/strong>. Au\u00dferdem entstand mit ihnen ein Voiceover f\u00fcr die Animationen, was das ganze Projekt authentischer machte.<\/p>\n<p>&nbsp;<\/p>\n<p>Es war ein <strong>Riesenspa\u00df<\/strong>, mit ihnen zu arbeiten.<\/p>\n\t<h2>Print Marketing<\/h2>\n\tIch wusste, dass die Materialien, die in der Stadt zur Bewerbung verteilt werden, leuchtend, mutig und voller Leben sein mussten, um <strong>Kinder und Eltern zu begeistern<\/strong>. Also setzte ich meine Kreativit\u00e4t ein und entwarf alles von Grund auf. Flyer, Plakate, CItyCards erhielten einen einheitlichen Stil.<br \/>\nEs sollte sich anf\u00fchlen wie der <strong>Beginn eines Abenteuers<\/strong>, in das die Kinder nur zu gerne eintauchen w\u00fcrden.\n\t\t\t\t<img loading=\"lazy\" decoding=\"async\" src=\"https:\/\/mirkr.de\/projekte\/wp-content\/uploads\/2024\/11\/DigSchnitzeljagd_QRRallye_Plakat.jpeg\" alt=\"DigSchnitzeljagd_QRRallye_Plakat\" itemprop=\"image\" height=\"600\" width=\"900\" title=\"DigSchnitzeljagd_QRRallye_Plakat\" onerror=\"this.style.display='none'\"  \/>\n\t\t\t<a href=\"https:\/\/mirkr.de\/projekte\/oro\/\" target=\"_self\">\n\t\t\t\t\t\t\tweiter zu Destinationsmarketing\n\t\t\t\t\t<\/a>\n\n","protected":false},"excerpt":{"rendered":"<p>Mit einer kreativen Web-App inspirierte ich Kinder, ihre Stadt auf spielerische Weise zu entdecken. Die Kindervereinigung Chemnitz e.V. ist ein gemeinn\u00fctziger Verein in Chemnitz. Zur Jugendarbeit geh\u00f6rt auch das Spielmobil, mit dem das Projekt &#8220;QR-Rallye&#8221; ins Leben gerufen wurde. Die Idee Ein bildendes Spiel, das Stadterkundung und multimediale Inhalte kombiniert. Meine Rolle Von der Idee,&hellip;&nbsp;<a href=\"https:\/\/mirkr.de\/projekte\/interaktiv\/\" class=\"\" rel=\"bookmark\">Read More &raquo;<span class=\"screen-reader-text\">QR Code Rallye<\/span><\/a><\/p>\n","protected":false},"author":1,"featured_media":0,"parent":0,"menu_order":0,"comment_status":"closed","ping_status":"closed","template":"","meta":{"neve_meta_sidebar":"","neve_meta_container":"","neve_meta_enable_content_width":"","neve_meta_content_width":0,"neve_meta_title_alignment":"","neve_meta_author_avatar":"","neve_post_elements_order":"","neve_meta_disable_header":"","neve_meta_disable_footer":"","neve_meta_disable_title":"on","footnotes":""},"class_list":["post-1204","page","type-page","status-publish","hentry"],"_links":{"self":[{"href":"https:\/\/mirkr.de\/projekte\/wp-json\/wp\/v2\/pages\/1204","targetHints":{"allow":["GET"]}}],"collection":[{"href":"https:\/\/mirkr.de\/projekte\/wp-json\/wp\/v2\/pages"}],"about":[{"href":"https:\/\/mirkr.de\/projekte\/wp-json\/wp\/v2\/types\/page"}],"author":[{"embeddable":true,"href":"https:\/\/mirkr.de\/projekte\/wp-json\/wp\/v2\/users\/1"}],"replies":[{"embeddable":true,"href":"https:\/\/mirkr.de\/projekte\/wp-json\/wp\/v2\/comments?post=1204"}],"version-history":[{"count":11,"href":"https:\/\/mirkr.de\/projekte\/wp-json\/wp\/v2\/pages\/1204\/revisions"}],"predecessor-version":[{"id":1346,"href":"https:\/\/mirkr.de\/projekte\/wp-json\/wp\/v2\/pages\/1204\/revisions\/1346"}],"wp:attachment":[{"href":"https:\/\/mirkr.de\/projekte\/wp-json\/wp\/v2\/media?parent=1204"}],"curies":[{"name":"wp","href":"https:\/\/api.w.org\/{rel}","templated":true}]}}