{"id":1183,"date":"2024-11-13T13:01:02","date_gmt":"2024-11-13T13:01:02","guid":{"rendered":"https:\/\/mirkr.de\/projekte\/?page_id=1183"},"modified":"2024-11-15T13:11:15","modified_gmt":"2024-11-15T13:11:15","slug":"email","status":"publish","type":"page","link":"https:\/\/mirkr.de\/projekte\/email\/","title":{"rendered":"Email Marketing"},"content":{"rendered":"\n\n\tBei: Die FERIENHAUS-AGENTUR (2022-2024)<br \/>\nZu der Zeit Agentur im OstseeResort Olpenitz mit \u00fcber 450 Immobilien in der Vermietung.\n\t<h1>E-Mails, die Spa\u00df machen: Ich erm\u00f6glichte mehr <strong>Lesevergn\u00fcgen<\/strong> und mehr <strong>Wirksamkeit<\/strong>.<\/h1>\n\t<h3>Die Probleme<\/h3>\n\t<h3><strong>Wichtige Informationen<\/strong> zur Buchung und Tools wurden von den G\u00e4sten <strong>\u00fcbersehen<\/strong>, was den Arbeitsaufwand der G\u00e4stebetreuung erh\u00f6hte.<\/h3>\n\n<h3>Hilfreiche <strong>Werkzeuge zur Personalisierung<\/strong> von Inhalten wurden nicht genutzt.<\/h3>\n<p>&nbsp;<\/p>\n<h3><strong>USPs<\/strong> wie das Sport- und Familienprogramm und Rabattkarte wurden <strong>nicht hervorgehoben<\/strong>.<\/h3>\n\t<h3>Die L\u00f6sung<\/h3>\n\t<h3>Weniger trockene Infos, mehr <strong>\u201eJuhu, ich kann&#8217;s kaum erwarten!&#8221;<\/strong><\/h3>\n<p>&nbsp;<\/p>\n<h3>Die E-Mails wurden gezielt nach Priorit\u00e4ten strukturiert und visuell \u00fcbersichtlich gestaltet. N\u00fctzliche Informationen springen jetzt direkt ins Auge.<\/h3>\n<p>&nbsp;<\/p>\n\t<p>Buchungsbest\u00e4tigung vorher\/nachher<\/p>\n\t\t\t\t<img loading=\"lazy\" decoding=\"async\" src=\"https:\/\/mirkr.de\/projekte\/wp-content\/uploads\/2024\/11\/buchungsbestatigung.jpg\" alt=\"buchungsbesta\u0308tigung\" itemprop=\"image\" height=\"2000\" width=\"2000\" title=\"buchungsbesta\u0308tigung\" onerror=\"this.style.display='none'\"  \/>\n\t<h2>Das sagt die G\u00e4stebetreuung<\/h2>\n\t<h1>&#8220;<strong>Eine echte Erleichterung!<\/strong> Die neuen E-Mails sind klar und ansprechend &#8211; die G\u00e4ste sind schon vor Anreise top-informiert.&#8221;<\/h1>\n\t<h3>Optimierte E-Mails &amp; Anh\u00e4nge<\/h3>\n\t\t\t\t<img loading=\"lazy\" decoding=\"async\" src=\"https:\/\/mirkr.de\/projekte\/wp-content\/uploads\/2024\/11\/buchung.png\" alt=\"buchung\" itemprop=\"image\" height=\"77\" width=\"77\" title=\"buchung\" onerror=\"this.style.display='none'\"  \/>\n\t<p><strong>Buchung<\/strong> &#8211; Best\u00e4tigung, Angebot, Reservierung, Stornierung<\/p>\n\t\t\t\t<img loading=\"lazy\" decoding=\"async\" src=\"https:\/\/mirkr.de\/projekte\/wp-content\/uploads\/2024\/11\/Zahlungen.png\" alt=\"Zahlungen\" itemprop=\"image\" height=\"77\" width=\"77\" title=\"Zahlungen\" onerror=\"this.style.display='none'\"  \/>\n\t<p><strong>Zahlungen<\/strong> -Erinnerung, Best\u00e4tigung<\/p>\n\t\t\t\t<img loading=\"lazy\" decoding=\"async\" src=\"https:\/\/mirkr.de\/projekte\/wp-content\/uploads\/2024\/11\/anreise.png\" alt=\"anreise\" itemprop=\"image\" height=\"77\" width=\"77\" title=\"anreise\" onerror=\"this.style.display='none'\"  \/>\n\t<p><strong>Anreise Infos<\/strong><\/p>\n\t\t\t\t<img loading=\"lazy\" decoding=\"async\" src=\"https:\/\/mirkr.de\/projekte\/wp-content\/uploads\/2024\/11\/marketing.png\" alt=\"marketing\" itemprop=\"image\" height=\"77\" width=\"77\" title=\"marketing\" onerror=\"this.style.display='none'\"  \/>\n\t<p><strong>Marketing Specials<\/strong> &#8211; Aufenthalt verl\u00e4ngern, Events etc<\/p>\n\t\t\t<a href=\"https:\/\/mirkr.de\/projekte\/interaktiv\/\" target=\"_self\">\n\t\t\t\t\t\t\tweiter zu Interaktivem Design\n\t\t\t\t\t<\/a>\n\n","protected":false},"excerpt":{"rendered":"<p>Bei: Die FERIENHAUS-AGENTUR (2022-2024) Zu der Zeit Agentur im OstseeResort Olpenitz mit \u00fcber 450 Immobilien in der Vermietung. E-Mails, die Spa\u00df machen: Ich erm\u00f6glichte mehr Lesevergn\u00fcgen und mehr Wirksamkeit. Die Probleme Wichtige Informationen zur Buchung und Tools wurden von den G\u00e4sten \u00fcbersehen, was den Arbeitsaufwand der G\u00e4stebetreuung erh\u00f6hte. Hilfreiche Werkzeuge zur Personalisierung von Inhalten wurden&hellip;&nbsp;<a href=\"https:\/\/mirkr.de\/projekte\/email\/\" class=\"\" rel=\"bookmark\">Read More &raquo;<span class=\"screen-reader-text\">Email Marketing<\/span><\/a><\/p>\n","protected":false},"author":1,"featured_media":0,"parent":0,"menu_order":0,"comment_status":"closed","ping_status":"closed","template":"","meta":{"neve_meta_sidebar":"","neve_meta_container":"","neve_meta_enable_content_width":"","neve_meta_content_width":0,"neve_meta_title_alignment":"","neve_meta_author_avatar":"","neve_post_elements_order":"","neve_meta_disable_header":"","neve_meta_disable_footer":"","neve_meta_disable_title":"on","footnotes":""},"class_list":["post-1183","page","type-page","status-publish","hentry"],"_links":{"self":[{"href":"https:\/\/mirkr.de\/projekte\/wp-json\/wp\/v2\/pages\/1183","targetHints":{"allow":["GET"]}}],"collection":[{"href":"https:\/\/mirkr.de\/projekte\/wp-json\/wp\/v2\/pages"}],"about":[{"href":"https:\/\/mirkr.de\/projekte\/wp-json\/wp\/v2\/types\/page"}],"author":[{"embeddable":true,"href":"https:\/\/mirkr.de\/projekte\/wp-json\/wp\/v2\/users\/1"}],"replies":[{"embeddable":true,"href":"https:\/\/mirkr.de\/projekte\/wp-json\/wp\/v2\/comments?post=1183"}],"version-history":[{"count":12,"href":"https:\/\/mirkr.de\/projekte\/wp-json\/wp\/v2\/pages\/1183\/revisions"}],"predecessor-version":[{"id":1345,"href":"https:\/\/mirkr.de\/projekte\/wp-json\/wp\/v2\/pages\/1183\/revisions\/1345"}],"wp:attachment":[{"href":"https:\/\/mirkr.de\/projekte\/wp-json\/wp\/v2\/media?parent=1183"}],"curies":[{"name":"wp","href":"https:\/\/api.w.org\/{rel}","templated":true}]}}