{"id":1093,"date":"2024-08-06T08:20:10","date_gmt":"2024-08-06T08:20:10","guid":{"rendered":"https:\/\/mirkr.de\/projekte\/?page_id=1093"},"modified":"2024-11-15T13:07:42","modified_gmt":"2024-11-15T13:07:42","slug":"branding","status":"publish","type":"page","link":"https:\/\/mirkr.de\/projekte\/branding\/","title":{"rendered":"Branding"},"content":{"rendered":"\n\n\tBei: Die FERIENHAUS-AGENTUR (2022-2024)<br \/>\nZu der Zeit Agentur im OstseeResort Olpenitz mit \u00fcber 450 Immobilien in der Vermietung.\n\t<h1>Ich entwickelte eine Corporate Identity, die gleichzeitig <strong>hochwertige Services<\/strong> und <strong>Nahbarkeit<\/strong> vermittelt<\/h1>\n\t\t\t\t<img loading=\"lazy\" decoding=\"async\" src=\"https:\/\/mirkr.de\/projekte\/wp-content\/uploads\/2024\/08\/website-mockup-1-1536x1536.jpg\" alt=\"website mockup\" itemprop=\"image\" height=\"1200\" width=\"1200\" title=\"website mockup\" onerror=\"this.style.display='none'\"  \/>\n\t\t\t\t<img loading=\"lazy\" decoding=\"async\" src=\"https:\/\/mirkr.de\/projekte\/wp-content\/uploads\/2024\/08\/mails-mobil-scaled.jpg\" alt=\"mails mobil\" itemprop=\"image\" height=\"1882\" width=\"2560\" title=\"mails mobil\" onerror=\"this.style.display='none'\"  \/>\n\t\t\t\t<img loading=\"lazy\" decoding=\"async\" src=\"https:\/\/mirkr.de\/projekte\/wp-content\/uploads\/2024\/08\/brandbook-1536x1024.jpg\" alt=\"brandbook\" itemprop=\"image\" height=\"800\" width=\"1200\" title=\"brandbook\" onerror=\"this.style.display='none'\"  \/>\n\t\t\t\t<img loading=\"lazy\" decoding=\"async\" src=\"https:\/\/mirkr.de\/projekte\/wp-content\/uploads\/2024\/08\/broschure-gaste-1536x1152.jpg\" alt=\"broschure ga\u0308ste\" itemprop=\"image\" height=\"900\" width=\"1200\" title=\"broschure ga\u0308ste\" onerror=\"this.style.display='none'\"  \/>\n\t<h3>Die Herausforderung<\/h3>\n\t<h3>Eine einzigartige Corporate Identity sollte erschaffen werden. Besonders wichtig war die Modernisierung der Looks und die <strong>Abhebung von den Wettbewerbern<\/strong>.<\/h3>\n\t<p>G\u00e4stebrosch\u00fcre: vorher<\/p>\n\t\t\t\t<img loading=\"lazy\" decoding=\"async\" src=\"https:\/\/mirkr.de\/projekte\/wp-content\/uploads\/2024\/08\/Gastebroschure-alt.jpg\" alt=\"Ga\u0308stebroschu\u0308re alt\" itemprop=\"image\" height=\"1536\" width=\"2000\" title=\"Ga\u0308stebroschu\u0308re alt\" onerror=\"this.style.display='none'\"  \/>\n\t<h3>Die L\u00f6sung<\/h3>\n\t<h3>Ein kleines Makeover gen\u00fcgte nicht. Die Brand musste <strong>neu gedacht und visuell interpretiert werden<\/strong>. Das Resultat: Ein gro\u00dfer Sprung nach vorne &#8211; hochwertig, zeitgem\u00e4\u00df und voller Urlaubsfreude!<\/h3>\n\t<p>G\u00e4stebrosch\u00fcre: nachher<\/p>\n\t\t\t\t<img loading=\"lazy\" decoding=\"async\" src=\"https:\/\/mirkr.de\/projekte\/wp-content\/uploads\/2024\/08\/Gastebroschure-neu.jpg\" alt=\"Ga\u0308stebroschu\u0308re neu\" itemprop=\"image\" height=\"1536\" width=\"2000\" title=\"Ga\u0308stebroschu\u0308re neu\" onerror=\"this.style.display='none'\"  \/>\n\t<h3>Die Herausforderung<\/h3>\n\t<h3>Die Corporate Identity sollte die <strong>Werte und USPs<\/strong> an bestehende und zuk\u00fcnftige Eigent\u00fcmer der FERIENHAUS-AGENTUR kommunizieren.<\/h3>\n\t<p>Vorher: Seite f\u00fcr Akquise von Eigent\u00fcmern<\/p>\n\t\t\t\t<img loading=\"lazy\" decoding=\"async\" src=\"https:\/\/mirkr.de\/projekte\/wp-content\/uploads\/2024\/08\/EF-alt-scaled.jpg\" alt=\"EF alt\" itemprop=\"image\" height=\"2041\" width=\"2560\" title=\"EF alt\" onerror=\"this.style.display='none'\"  \/>\n\t<h3>Die L\u00f6sung<\/h3>\n\t<h3>Auf den Punkt gebracht: Alle guten Gr\u00fcnde aus der Sicht eines Eigent\u00fcmers, sich f\u00fcr Die FERIENHAUS-AGENTUR zu entscheiden.<\/h3>\n\tNachher: Seite f\u00fcr Akquise von Eigent\u00fcmern<br \/>\nFokus auf USPs, visuelle Klarheit, 5 detaillierte und \u00fcberzeugende Unterseiten mit Details.\n\t\t\t\t<img loading=\"lazy\" decoding=\"async\" src=\"https:\/\/mirkr.de\/projekte\/wp-content\/uploads\/2024\/08\/91374-2-scaled.jpg\" alt=\"91374 (2)\" itemprop=\"image\" height=\"2041\" width=\"2560\" title=\"91374 (2)\" onerror=\"this.style.display='none'\"  \/>\n\t<p>Nachher: Materialien f\u00fcr die Akquise von Eigent\u00fcmern<\/p>\n\t\t\t\t<img loading=\"lazy\" decoding=\"async\" src=\"https:\/\/mirkr.de\/projekte\/wp-content\/uploads\/2024\/08\/ef-broschure-scaled.jpg\" alt=\"ef broschu\u0308re\" itemprop=\"image\" height=\"1829\" width=\"2560\" title=\"ef broschu\u0308re\" onerror=\"this.style.display='none'\"  \/>\n\t<h3>Das Resultat<\/h3>\n<p>&nbsp;<\/p>\n<h1>Visuell kommuniziert:<br \/>\n<strong>Kompetenz<\/strong> mit <strong>pers\u00f6nlicher Note<\/strong><\/h1>\n\t\t\t\t<img loading=\"lazy\" decoding=\"async\" src=\"https:\/\/mirkr.de\/projekte\/wp-content\/uploads\/2024\/08\/UK-Broschure-1024x1024.jpg\" alt=\"UK Broschu\u0308re\" itemprop=\"image\" height=\"1024\" width=\"1024\" title=\"UK Broschu\u0308re\" onerror=\"this.style.display='none'\"  \/>\n\t\t\t\t<img loading=\"lazy\" decoding=\"async\" src=\"https:\/\/mirkr.de\/projekte\/wp-content\/uploads\/2024\/08\/gasteapp-scaled.jpg\" alt=\"ga\u0308steapp\" itemprop=\"image\" height=\"2560\" width=\"1896\" title=\"ga\u0308steapp\" onerror=\"this.style.display='none'\"  \/>\n\t\t\t\t<img loading=\"lazy\" decoding=\"async\" src=\"https:\/\/mirkr.de\/projekte\/wp-content\/uploads\/2024\/08\/website-mockup-copy-1-1024x682.jpg\" alt=\"website mockup copy\" itemprop=\"image\" height=\"682\" width=\"1024\" title=\"website mockup copy\" onerror=\"this.style.display='none'\"  \/>\n\t\t\t\t<img loading=\"lazy\" decoding=\"async\" src=\"https:\/\/mirkr.de\/projekte\/wp-content\/uploads\/2024\/08\/aufsteller-sommerprogramm-1024x872.jpg\" alt=\"aufsteller sommerprogramm\" itemprop=\"image\" height=\"872\" width=\"1024\" title=\"aufsteller sommerprogramm\" onerror=\"this.style.display='none'\"  \/>\n\t\t\t<a href=\"https:\/\/mirkr.de\/projekte\/socialmedia\/\" target=\"_self\">\n\t\t\t\t\t\t\tweiter zu Social Media\n\t\t\t\t\t<\/a>\n\n","protected":false},"excerpt":{"rendered":"<p>Bei: Die FERIENHAUS-AGENTUR (2022-2024) Zu der Zeit Agentur im OstseeResort Olpenitz mit \u00fcber 450 Immobilien in der Vermietung. Ich entwickelte eine Corporate Identity, die gleichzeitig hochwertige Services und Nahbarkeit vermittelt Die Herausforderung Eine einzigartige Corporate Identity sollte erschaffen werden. Besonders wichtig war die Modernisierung der Looks und die Abhebung von den Wettbewerbern. G\u00e4stebrosch\u00fcre: vorher Die&hellip;&nbsp;<a href=\"https:\/\/mirkr.de\/projekte\/branding\/\" class=\"\" rel=\"bookmark\">Read More &raquo;<span class=\"screen-reader-text\">Branding<\/span><\/a><\/p>\n","protected":false},"author":1,"featured_media":0,"parent":0,"menu_order":0,"comment_status":"closed","ping_status":"closed","template":"","meta":{"neve_meta_sidebar":"","neve_meta_container":"","neve_meta_enable_content_width":"","neve_meta_content_width":0,"neve_meta_title_alignment":"","neve_meta_author_avatar":"","neve_post_elements_order":"","neve_meta_disable_header":"","neve_meta_disable_footer":"","neve_meta_disable_title":"on","footnotes":""},"class_list":["post-1093","page","type-page","status-publish","hentry"],"_links":{"self":[{"href":"https:\/\/mirkr.de\/projekte\/wp-json\/wp\/v2\/pages\/1093","targetHints":{"allow":["GET"]}}],"collection":[{"href":"https:\/\/mirkr.de\/projekte\/wp-json\/wp\/v2\/pages"}],"about":[{"href":"https:\/\/mirkr.de\/projekte\/wp-json\/wp\/v2\/types\/page"}],"author":[{"embeddable":true,"href":"https:\/\/mirkr.de\/projekte\/wp-json\/wp\/v2\/users\/1"}],"replies":[{"embeddable":true,"href":"https:\/\/mirkr.de\/projekte\/wp-json\/wp\/v2\/comments?post=1093"}],"version-history":[{"count":24,"href":"https:\/\/mirkr.de\/projekte\/wp-json\/wp\/v2\/pages\/1093\/revisions"}],"predecessor-version":[{"id":1344,"href":"https:\/\/mirkr.de\/projekte\/wp-json\/wp\/v2\/pages\/1093\/revisions\/1344"}],"wp:attachment":[{"href":"https:\/\/mirkr.de\/projekte\/wp-json\/wp\/v2\/media?parent=1093"}],"curies":[{"name":"wp","href":"https:\/\/api.w.org\/{rel}","templated":true}]}}